{"id":5591,"date":"2017-04-04T10:15:14","date_gmt":"2017-04-04T08:15:14","guid":{"rendered":"http:\/\/www.huelsenbeck-fotografie.de\/?page_id=5591"},"modified":"2024-01-02T20:37:33","modified_gmt":"2024-01-02T19:37:33","slug":"impressum","status":"publish","type":"page","link":"https:\/\/www.huelsenbeck-fotografie.de\/index.php\/impressum\/","title":{"rendered":"Impressum"},"content":{"rendered":"<div class=\"standard_wrapper\">\n<div class=\"one_half withsmallpadding ppb_text\" style=\"padding: 30px 0 30px 0;\">\n<div class=\"standard_wrapper\">\n<div class=\"page_content_wrapper\">\n<div class=\"inner\">\n<div style=\"margin: auto; width: 100%;\">\n<h2>Jacqueline H\u00fclsenbeck<\/h2>\n<p>Flehenberg 93<br \/>\n42489 W\u00fclfrath<br \/>\nDeutschland<\/p>\n<p>E-Mail: <a href=\"mailto:jacquelinehuelsenbeck@arcor.de\">jacquelinehuelsenbeck@arcor.de<\/a><br \/>\nTelefon: 02058\/913235<br \/>\nMobil: 0172\/2131149<\/p>\n<p>USt.-Id. Nr.: DE180710796<\/p>\n<\/div>\n<\/div>\n<\/div>\n<\/div>\n<\/div>\n<\/div>\n<div class=\"standard_wrapper\">\n<div class=\"one_half last withsmallpadding ppb_text\" style=\"padding: 30px 0 30px 0;\">\n<div class=\"standard_wrapper\">\n<div class=\"page_content_wrapper\">\n<div class=\"inner\">\n<div style=\"margin: auto; width: 100%;\">\n<h2>Entwurf &amp; Design<\/h2>\n<p><a class=\"Stil1\" href=\"http:\/\/www.zzwei.de\" target=\"_blank\" rel=\"noopener\">z|zwei Design<\/a> Daniela Rogge<br \/>\nSachsensiedlung 5<br \/>\n45481 M\u00fclheim<\/p>\n<h2>Copyright<\/h2>\n<p>Alle Inhalte, Texte und Fotografien auf dieser Seite sind urheberrechtlich gesch\u00fctzt. Jede Vervielf\u00e4ltigung, Verbreitung, Speicherung, \u00dcbermittlung, Sendung und Wieder- bzw. Weitergabe der Inhalte ohne schriftliche Genehmigung von Jacqueline H\u00fclsenbeck ist ausdr\u00fccklich untersagt und bedarf ausdr\u00fccklich der vorherigen Zustimmung.<\/p>\n<\/div>\n<\/div>\n<\/div>\n<\/div>\n<\/div>\n<\/div>\n<div class=\"one withsmallpadding ppb_text\" style=\"padding: 30px 0 30px 0;\">\n<div class=\"standard_wrapper\">\n<div class=\"page_content_wrapper\">\n<div class=\"inner\">\n<div style=\"margin: auto; width: 100%;\">\n<h2>1. Inhalt des Onlineangebotes und Haftungsausschluss<\/h2>\n<p>Der Autor \u00fcbernimmt keinerlei Gew\u00e4hr f\u00fcr die Aktualit\u00e4t, Korrektheit, Vollst\u00e4ndigkeit oder Qualit\u00e4t der bereitgestellten Informationen. Haftungsanspr\u00fcche gegen den Autor, welche sich auf Sch\u00e4den materieller oder ideeller Art beziehen, die durch die Nutzung oder Nichtnutzung der dargebotenen Informationen bzw. durch die Nutzung fehlerhafter und unvollst\u00e4ndiger Informationen verursacht wurden sind grunds\u00e4tzlich ausgeschlossen, sofern seitens des Autors kein nachweislich vors\u00e4tzliches oder grob fahrl\u00e4ssiges Verschulden vorliegt.<\/p>\n<p>Alle Angebote sind freibleibend und unverbindlich.<\/p>\n<p>Der Autor beh\u00e4lt es sich ausdr\u00fccklich vor, Teile der Seiten oder das gesamte Angebot ohne gesonderte Ank\u00fcndigung zu ver\u00e4ndern, zu erg\u00e4nzen, zu l\u00f6schen oder die Ver\u00f6ffentlichung zeitweise oder endg\u00fcltig einzustellen.<\/p>\n<h2>2. Verweise und Links<\/h2>\n<p>Bei direkten oder indirekten Verweisen auf fremde Internetseiten (\u201eLinks\u201c), die au\u00dferhalb des Verantwortungsbereiches des Autors liegen, w\u00fcrde eine Haftungsverpflichtung ausschlie\u00dflich in dem Fall in Kraft treten, in dem der Autor von den Inhalten Kenntnis hat und es ihm technisch m\u00f6glich und zumutbar w\u00e4re, die Nutzung im Falle rechtswidriger Inhalte zu verhindern. Der Autor erkl\u00e4rt daher ausdr\u00fccklich, dass zum Zeitpunkt der Linksetzung die entsprechenden verlinkten Seiten frei von illegalen Inhalten waren.<\/p>\n<p>Der Autor hat keinerlei Einflu\u00df auf die aktuelle und zuk\u00fcnftige Gestaltung und auf die Inhalte der gelinkten Seiten. Deshalb distanziert er sich hiermit ausdr\u00fccklich von allen Inhalten aller verkn\u00fcpften Seiten, die nach der Linksetzung ver\u00e4ndert wurden.<\/p>\n<p>Diese Feststellung gilt f\u00fcr alle innerhalb des eigenen Internetangebotes gesetzten Links und Verweise. F\u00fcr illegale, fehlerhafte oder unvollst\u00e4ndige Inhalte und insbesondere f\u00fcr Sch\u00e4den, die aus der Nutzung oder Nichtnutzung solcherart dargebotener Informationen entstehen, haftet allein der Anbieter der Seite, auf welche verwiesen wurde, nicht derjenige, der \u00fcber Links auf die jeweilige Ver\u00f6ffentlichung lediglich verweist.<\/p>\n<h2>3. Urheberrecht<\/h2>\n<p>Der Autor ist bestrebt, in allen Publikationen die Urheberrechte der verwendeten Fotografien, Grafiken, Sounds und Texte zu beachten, von ihm selbst erstellte Fotografien und Texte zu nutzen oder auf lizenzfreie Grafiken und Texte zur\u00fcckzugreifen. Sollte sich auf den jeweiligen Seiten dennoch eine ungekennzeichnete, aber durch fremdes Copyright gesch\u00fctzte Grafik oder Text befinden, so konnte das Copyright vom Autor nicht festgestellt werden. Im Falle einer solchen unbeabsichtigten Copyrightverletzung wird der Autor das entsprechende Objekt nach Benachrichtigung aus seiner Publikation entfernen bzw. mit dem entsprechenden Copyright kenntlich machen.<\/p>\n<h2>4. Rechtswirksamkeit des Haftungsausschlusses<\/h2>\n<p>Dieser Haftungsausschluss ist als Teil des Internetangebotes zu betrachten, von dem aus auf diese Seite verwiesen wurde. Sofern Teile oder einzelne Formulierungen dieses Textes der geltenden Rechtslage nicht, nicht mehr oder nicht vollst\u00e4ndig entsprechen sollten, bleiben die \u00fcbrigen Teile des Dokumentes in ihrem Inhalt und ihrer G\u00fcltigkeit davon unber\u00fchrt.<\/p>\n<h2>5. Abmahnungen<\/h2>\n<p>Im Falle von wettbewerbsrechtlichen und \u00e4hnlichen Problemen bitte ich Sie zur Vermeidung unn\u00f6tiger Rechtsstreite und Kosten mich bereits im Vorfeld zu kontaktieren. Sollte ein berechtigtes Interesse auf \u00c4nderung bestehen, so werde ich diese \u00c4nderung innerhalb einer angemessenen Frist selbstverst\u00e4ndlich vornehmen, Die Kosten einer anwaltlichen Abmahnung ohne vorherige Kontaktaufnahme mit mir wird im Sinne der Schadensminderungspflicht als unbegr\u00fcndet zur\u00fcckgewiesen.<\/p>\n<\/div>\n<\/div>\n<\/div>\n<\/div>\n<\/div>\n","protected":false},"excerpt":{"rendered":"<p>Jacqueline H\u00fclsenbeck Flehenberg 93 42489 W\u00fclfrath Deutschland E-Mail: jacquelinehuelsenbeck@arcor.de Telefon: 02058\/913235 Mobil: 0172\/2131149 USt.-Id. Nr.: DE180710796 Entwurf &amp; Design z|zwei Design Daniela Rogge Sachsensiedlung 5 45481 M\u00fclheim Copyright Alle Inhalte, Texte und Fotografien auf dieser Seite sind urheberrechtlich gesch\u00fctzt. Jede [&hellip;]<\/p>\n","protected":false},"author":1,"featured_media":0,"parent":0,"menu_order":0,"comment_status":"closed","ping_status":"closed","template":"","meta":{"footnotes":""},"_links":{"self":[{"href":"https:\/\/www.huelsenbeck-fotografie.de\/index.php\/wp-json\/wp\/v2\/pages\/5591"}],"collection":[{"href":"https:\/\/www.huelsenbeck-fotografie.de\/index.php\/wp-json\/wp\/v2\/pages"}],"about":[{"href":"https:\/\/www.huelsenbeck-fotografie.de\/index.php\/wp-json\/wp\/v2\/types\/page"}],"author":[{"embeddable":true,"href":"https:\/\/www.huelsenbeck-fotografie.de\/index.php\/wp-json\/wp\/v2\/users\/1"}],"replies":[{"embeddable":true,"href":"https:\/\/www.huelsenbeck-fotografie.de\/index.php\/wp-json\/wp\/v2\/comments?post=5591"}],"version-history":[{"count":48,"href":"https:\/\/www.huelsenbeck-fotografie.de\/index.php\/wp-json\/wp\/v2\/pages\/5591\/revisions"}],"predecessor-version":[{"id":6052,"href":"https:\/\/www.huelsenbeck-fotografie.de\/index.php\/wp-json\/wp\/v2\/pages\/5591\/revisions\/6052"}],"wp:attachment":[{"href":"https:\/\/www.huelsenbeck-fotografie.de\/index.php\/wp-json\/wp\/v2\/media?parent=5591"}],"curies":[{"name":"wp","href":"https:\/\/api.w.org\/{rel}","templated":true}]}}