{"id":5711,"date":"2018-05-23T21:25:54","date_gmt":"2018-05-23T19:25:54","guid":{"rendered":"http:\/\/www.huelsenbeck-fotografie.de\/?page_id=5711"},"modified":"2018-06-13T10:54:40","modified_gmt":"2018-06-13T08:54:40","slug":"datenschutz","status":"publish","type":"page","link":"https:\/\/www.huelsenbeck-fotografie.de\/index.php\/datenschutz\/","title":{"rendered":"Datenschutz"},"content":{"rendered":"<div  class=\"one withsmallpadding ppb_text\" style=\"padding:30px 0 30px 0;\" >\n<div class=\"standard_wrapper\">\n<div class=\"page_content_wrapper\">\n<div class=\"inner\">\n<div style=\"margin:auto;width:100%\">\n<ol>\n<li style=\"color: #000000;\">Datenschutzerkl\u00e4rung\n<p style=\"color: #000000;\">Der Schutz Ihrer Daten ist von h\u00f6chster Priorit\u00e4t. Daher bin ich gesetzlich dazu verpflichtet, Sie im Rahmen dieser Datenschutzerkl\u00e4rung umfassend \u00fcber die beim Besuch der Webseite verarbeiteten Daten aufzukl\u00e4ren und Sie \u00fcber die Verwendung der Daten zu informieren.<\/p>\n<p style=\"color: #000000;\">Der Datenschutz im Sinne der DSGVO und des BDSG umfasst personenbezogene Daten. Personenbezogene Daten im Sinne des Art. 4 DSGVO sind alle Informationen, die sich auf eine identifizierte bzw. eine identifizierbare nat\u00fcrliche Person beziehen. Diese Informationen sind z.B. E-Mail-Adressen, Telefonnummern, IP-Adressen, Post-Adressen oder Inhaltsdaten, wenn Sie zum Beispiel auf dieser Seite Eingaben in ein Kontakt- oder Terminformular machen.<\/p>\n<\/li>\n<li>\n<p style=\"color: #000000;\">Verantwortliche<\/p>\n<p>Jacqueline H\u00fclsenbeck<\/p>\n<p>Flehenberg 93<br \/>\n42489 W\u00fclfrath<\/p>\n<p style=\"color: #000000;\">E-Mail: <a href=\"mailto:jacquelinehuelsenbeck@arcor.de\">jacquelinehuelsenbeck@arcor.de<br \/>\n<\/a>www.huelsenbeck-fotografie.de\/index.php\/impressum\/<\/p>\n<p><span style=\"color: #000000;\">Bei allgemeineren Anfragen zum Bereich Datenschutz k\u00f6nnen Sie mich unter der oben genannten E-Mail-Adresse erreichen oder unter der Postanschrift mit dem Zusatz &#8222;Datenschutz&#8220;.<\/span><\/li>\n<li><span style=\"color: #000000;\">Umfang, Zweck und Dauer der Datenverarbeitung<span class=\"Apple-converted-space\">\u00a0<\/span><\/span>Auf dieser Internetseite werden folgende Daten erhoben und gespeichert:<\/li>\n<\/ol>\n<ol>\n<ul>\n<li>Bestandsdaten, wie z.B. Namen und Adressen<\/li>\n<li>Kontaktdaten, wie z.B. Telefonnummern und E-Mail-Adressen<\/li>\n<li>Nutzungsdaten, wie z.B. Zugriffszeiten, aufgerufene Seiten<\/li>\n<li>Metadaten, wie z.B. Browsertyp, IP-Adresse, Betriebssystem<\/li>\n<li>Inhaltsdaten, wie z.B. Ihre Texteingaben<\/li>\n<\/ul>\n<\/ol>\n<p><span style=\"color: #000000;\">Die Erhebung der Daten erfolgt zu folgenden Zwecken:<\/span><\/p>\n<ol>\n<ul>\n<li>(technische) Bereitstellung der Internetseite<\/li>\n<li>Sicherheitsma\u00dfnahmen zum Schutz des Angebots<\/li>\n<li>Kommunikation mit Nutzern<\/li>\n<li>Reichweitenmessung zur Verbesserung des Angebots<\/li>\n<\/ul>\n<\/ol>\n<p>Im Rahmen dieser Datenschutzerkl\u00e4rung sollen Sie \u00fcber die Rechtsgrundlagen und den Umfang der Verarbeitung Ihrer Daten aufgekl\u00e4rt werden. Der Begriff Verarbeitung ist hierbei im Sinne von Art. 4\u00a0Nr.\u00a02 DSGVO gemeint, also jedes automatisierte Verfahren im Zusammenhang mit z.B. der Erhebung, Speicherung oder Verwendung der personenbezogenen Daten.<\/p>\n<p>Zum Besuch dieser Internetseite sind grunds\u00e4tzlich nur wenige personenbezogene Daten notwendig. Dies h\u00e4ngt jedoch davon ab, wie Sie diese Seite nutzen. Sofern Sie die erweiterten Funktionen dieser Webseite, wie zum Beispiel das Kontaktformular nutzen, erhalte ich im Rahmen Ihrer Eingaben die von Ihnen eingetragenen Daten.<\/p>\n<p>Sofern der Speicherungszweck oder eine gesetzliche Speicherfrist abl\u00e4uft, werden die personenbezogenen Daten entsprechend den Vorschriften der Art. 17 und 18 DSGVO gel\u00f6scht oder in der Verarbeitung eingeschr\u00e4nkt, bzw. gesperrt.<\/p>\n<p>Bitte beachten Sie, dass die gesetzlichen Vorgaben in Deutschland im Sinne des Art.\u00a06\u00a0Abs.\u00a01\u00a0lit.\u00a0c\u00a0DSGVO verlangen, dass gewisse Daten aufbewahrt werden. Dies bedeutet eine Aufbewahrungsfrist von 10 Jahren nach \u00a7\u00a0147\u00a0Abs.\u00a01 AO f\u00fcr steuerrelevante Unterlagen und eine Aufbewahrungsfrist von 6 Jahren f\u00fcr handelsrechtlich relevante Unterlagen nach \u00a7\u00a0257 Abs.\u00a01,\u00a04\u00a0HGB.<\/p>\n<ol start=\"4\">\n<li>Hosting\u00a0Bitte beachten Sie, dass ich zur Bereitstellung der Internetseite einen technischen Dienstleister habe, der die Infrastruktur unterh\u00e4lt (Hosting-Dienstleister). Dieser bietet uns die eigentliche Computerhardware an.Dieser verarbeitet die oben genannten Daten mit dem berechtigten Interesse, diese Internetseite \u00fcberhaupt zur Verf\u00fcgung stellen zu k\u00f6nnen und diese sicher zu gestalten, gem. Art.\u00a06\u00a0Abs.\u00a01\u00a0lit.\u00a0f\u00a0DSGVO i.V.m. Art.\u00a028\u00a0DSGVO.<\/li>\n<\/ol>\n<ol start=\"5\">\n<li style=\"color: #000000;\">Verwendung der Logfiles und IPBei dem Besuch dieser Internetseite wird Ihre IP-Adresse verarbeitet. Grunds\u00e4tzlich hat jedes Ger\u00e4t, dass an das Internet angeschlossen ist, eine solche Adresse, um erreichbar zu sein. Erst durch diese Adressierung k\u00f6nnen Daten zielgerichtet versendet und empfangen werden. Um diese Seite nutzen zu k\u00f6nnen, wird zur Daten\u00fcbermittlung folglich die Adresse dieser Webseite (des Servers) und Ihre eigene IP-Adresse ben\u00f6tigt.\n<p>Nur wenn der Server auch Ihre IP-Adresse kennt, k\u00f6nnen die Daten zielgerichtet an Sie versandt werden. Daher wird Ihre IP-Adresse vom Server verarbeitet und in einem Logfile gespeichert. Die Rechtsgrundlage daf\u00fcr ist Art.\u00a06\u00a0Abs.\u00a01\u00a0lit.\u00a0f DSGVO. Denn ohne die Verwendung der IP-Adresse k\u00f6nnten wir Ihnen den Service dieser Webseite nicht bieten. Ferner kann so die Funktionsf\u00e4higkeit und Sicherheit unseres Systems weiterhin gew\u00e4hrleistet werden.<\/p>\n<p>Die Daten werden nicht zu weiteren Analysezwecken verwendet.<\/li>\n<\/ol>\n<ol start=\"6\">\n<li style=\"color: #000000;\">Cookies:Auf dieser Internetseite benutzen wir Cookies, um einige Funktionen anbieten zu k\u00f6nnen.\n<p>Cookies sind kleine Textdokumente, die lokal auf Ihrem Rechner gespeichert werden, um Sie zum Beispiel wiedererkennen zu k\u00f6nnen und so z.B. die Eingaben in Formularen zu erleichtern.<\/p>\n<p>Welche Cookies genau verwendet werden k\u00f6nnen Sie einfach \u00fcber Ihre Browsereinstellungen erkennen, indem Sie dort auf die Einstellungen f\u00fcr die Cookies gehen. Die genaue Men\u00fcbezeichnung ist von dem von Ihnen genutzten Browser abh\u00e4ngig.<\/p>\n<p>Sie k\u00f6nnen das Speichern von Cookies in Ihrem Browser g\u00e4nzlich deaktivieren. Bitte beachten Sie, dass manche Funktionen der Webseite dadurch ggf. beeintr\u00e4chtigt werden k\u00f6nnen.<\/p>\n<p>Die Rechtsgrundlage f\u00fcr die Verarbeitung personenbezogener Daten mithilfe der verwendeten Cookies ist Art. 6 Abs. 1 lit. f DSGVO. Diese sind technisch notwendig, um die Daten innerhalb der Session an Sie auszuliefern und somit f\u00fcr die Funktion der Webseite notwendig. Sie dienen auch der verbesserten Nutzung unseres Angebots.<\/p>\n<p>Auf dieser Seite benutzen wir sogenannte Session-Cookies. Diese speichern eine Session-ID, mit welcher sich die einzelnen Anfragen Ihres Rechners an den Server der einzelnen Sitzung zuordnen lassen, um Sie wiederzuerkennen. Die Lebenszeit dieses Cookies ist von vornherein beschr\u00e4nkt. Sie werden gel\u00f6scht, wenn Sie die Sitzung beenden bzw. den Browser schlie\u00dfen.<\/li>\n<\/ol>\n<ol start=\"7\">\n<li style=\"color: #000000;\">Kontaktformular\n<p>Die Rechtsgrundlage f\u00fcr die Verarbeitung der Daten ist Art.\u00a06\u00a0Abs. 1 lit.\u00a0b\u00a0DSGVO. Ohne die von Ihnen in das Kontaktformular eingegebenen Daten kann ich nicht auf Ihr Anliegen zur\u00fcckkommen und Kontakt zu Ihnen aufnehmen, wenn ich die angegebenen Daten, E-Mail-Adresse, Telefonnummer, Vor- und Nachname und Inhalt Ihres Anliegens nicht speichern und \u00fcbermitteln w\u00fcrde. Bitte beachten Sie, dass Ihre Daten auch in einem sog. CRM-System gespeichert werden k\u00f6nnen, welches der Verwaltung der Kontaktanfragen dient.<\/li>\n<\/ol>\n<ol start=\"8\">\n<li style=\"color: #000000;\">Social Media<br \/>\nAuf unserer Internetseite haben wir den Social-Media-Dienst der Fa. Facebook integriert, um Ihnen die Kommunikation mit mir und anderen aktiven Nutzern zu erm\u00f6glichen. Bitte beachten Sie, dass auf den jeweiligen Seiten der Social-Media-Dienste deren Nutzungsbedingungen und Datenschutzerkl\u00e4rungen gelten.<\/p>\n<p>Bitte beachten Sie, dass ich lediglich auf die Seite der Fa. Facebook Ireland Ltd., 4 Grand Canal Square, Grand Canal Harbour, Dublin 2, Ireland verlinke. Auf meiner Seite ist kein Plug-In eingebunden, eine Aufzeichnung oder Weitergabe der von mir gespeicherten bzw. verarbeiteten Daten findet nicht statt. Mit dem Best\u00e4tigen des Links verlassen Sie meine Internetseite und gelangen auf meine Unterseite bei der Fa. Facebook. Facebook erh\u00e4lt in diesem Fall die den Nutzungsbedingungen und der Datenschutzerkl\u00e4rung entsprechenden Daten.<\/p>\n<p>Die Datenschutzerkl\u00e4rung f\u00fcr Facebook finden Sie unter <a href=\"https:\/\/www.facebook.com\/about\/privacy\/\">https:\/\/www.facebook.com\/about\/privacy\/<\/a>.<\/li>\n<\/ol>\n<ol start=\"9\">\n<li style=\"color: #000000;\">Plug-InsAuf meiner Internetseite verwende ich Plug-Ins und Dienste von Drittanbietern. Daher erhalten die Drittanbieter auch Ihre IP-Adresse. Dies ist, wie oben beschrieben, technisch notwendig, um Ihren Rechner zu &#8222;adressieren&#8220; und die Daten an Sie ausliefern zu k\u00f6nnen. Drittanbieter k\u00f6nnen ferner \u00fcber die eingebundenen Plug-Ins weitere Besucherdaten f\u00fcr statistische und Marketingzwecke verarbeiten. Insbesondere die unter Ziffer 3 genannten Nutzungs- und Metadaten k\u00f6nnen hiervon betroffen sein.\n<ol type=\"a\">\n<li>Google Maps\n<p style=\"color: #000000;\">Auf meiner Internetseite nutze ich das Angebot von Google Maps (Google LLC, 1600 Amphitheatre Parkway, Mountain View, CA 94043, USA), um Ihnen mit Hilfe der interaktiven Karte meinen Standort pr\u00e4zise anzuzeigen und Ihnen zu helfen, mich zu finden.<\/p>\n<p style=\"color: #000000;\">Durch Nutzung des Kartenausschnitts und den Besuch dieser Seite erh\u00e4lt Google die Information, dass Sie die Funktion dieser Unterseite meines Angebots aufgerufen haben. Insbesondere die unter Ziffer 3 genannten Nutzungs- und Metadaten werden an Google \u00fcbermittelt. Dies erfolgt auch, wenn Sie kein Nutzerkonto bei Google haben, \u00fcber das Sie angemeldet sind, um Ihnen den Dienst bereitzustellen. Wenn Sie bei Google mit Ihrem Konto angemeldet sind, werden die Aufrufdaten auch dem Nutzerkonto zugeordnet.<span class=\"Apple-converted-space\">\u00a0<\/span><\/p>\n<p style=\"color: #000000;\">Google speichert Ihre Daten als Nutzungsprofil und wertet diese zum Zweck der Marktforschung, Werbung und nutzerfreundlichen Gestaltung der eigenen Webseite aus. F\u00fcr dieses Verfahren steht ein Opt-Out unter <a href=\"https:\/\/adssettings.google.com\/authenticated\">https:\/\/adssettings.google.com\/authenticated<\/a> zur Verf\u00fcgung.<\/p>\n<p style=\"color: #000000;\">Weitere Informationen \u00fcber die Verwendung von Daten erhalten Sie direkt beim Anbieter Google. Dort finden Sie auch die gesonderte Datenschutzerkl\u00e4rung mit den Ihnen zustehenden Rechten und Einstellungen zum Schutz Ihrer Privatsph\u00e4re. Sie k\u00f6nnen diese \u00fcber den Link &#8222;Nutzungsbedingungen&#8220; im Plug-In erreichen oder \u00fcber <a href=\"https:\/\/policies.google.com\/privacy?hl=de\">https:\/\/policies.google.com\/privacy?hl=de<\/span><\/a>.<span class=\"Apple-converted-space\"><\/p>\n<p style=\"color: #000000;\">Google verarbeitet Ihre Daten ggf. auch in den USA, ist aber zertifiziert nach dem Privacy-Shield-Abkommen und garantiert hierdurch, das europ\u00e4ische Datenschutzniveau einzuhalten (<a href=\"https:\/\/www.privacyshield.gov\/participant?id=a2zt000000001L5AAI&#038;status=Active\">https:\/\/www.privacyshield.gov\/participant?id=a2zt000000001L5AAI&#038;status=Active<\/a>).<span class=\"Apple-converted-space\">\u00a0<\/span><\/p>\n<p style=\"color: #000000;\">Grundlage f\u00fcr die Nutzung ist Art.\u00a06\u00a0Abs.\u00a01\u00a0lit.\u00a0f\u00a0DSGVO, mit dem Interesse, eine gute Erreichbarkeit und kundenfreundliche Nutzbarkeit meines Angebots zu gew\u00e4hrleisten.<\/p>\n<\/li>\n<li>Google WebFonts\n<p style=\"color: #000000;\">Ich binde auf meiner Internetseite die Schriftarten der Firma Google ein. Dies bedeutet, dass Sie beim Laden der Seite auch Kontakt zu Servern der Firma Google aufbauen. Anbieter ist die Google LLC, 1600 Amphitheatre Parkway, Mountain View, CA 94043, USA. Die Datenschutzerkl\u00e4rung finden Sie unter <a href=\"https:\/\/policies.google.com\/privacy?hl=de\">https:\/\/policies.google.com\/privacy?hl=de<\/a>.<span class=\"Apple-converted-space\">\u00a0 <\/span>Unter <a href=\"https:\/\/adssettings.google.com\/authenticated\">https:\/\/adssettings.google.com\/authenticated<\/a> ist ein Opt-Out aus diesem Verfahren m\u00f6glich.<\/p>\n<p style=\"color: #000000;\">Grundlage f\u00fcr die Nutzung ist Art.\u00a06\u00a0Abs.\u00a01\u00a0lit.\u00a0f\u00a0DSGVO, mit dem Interesse, eine gleichbleibende Nutzbarkeit zu gew\u00e4hrleisten und eine anwenderfreundliche Seite gestalten zu k\u00f6nnen.<\/p>\n<p style=\"color: #000000;\">Google verarbeitet Ihre Daten ggf. auch in den USA, ist aber zertifiziert nach dem Privacy-Shield-Abkommen und garantiert hierdurch, das europ\u00e4ische Datenschutzniveau einzuhalten (<a href=\"https:\/\/www.privacyshield.gov\/participant?id=a2zt000000001L5AAI&#038;status=Active\">https:\/\/www.privacyshield.gov\/participant?id=a2zt000000001L5AAI&#038;status=Active<\/a>).<span class=\"Apple-converted-space\">\u00a0<\/span><\/p>\n<\/li>\n<\/ol>\n<\/li>\n<\/ol>\n<ol start=\"10\">\n<li style=\"color: #000000;\">Ihre Rechte als Betroffener\/Betroffene<\/li>\n<\/ol>\n<ol type=\"a\">\n<ol type=\"a\">\n<li style=\"color: #000000;\">Auskunftsrecht\n<p style=\"color: #000000;\">Sie haben nach Art. 15\u00a0DSGVO das Recht Auskunft zu verlangen, ob betreffende Daten verarbeitet werden und zu welchem Zweck dies geschieht. Ebenso steht es Ihnen zu, eine Kopie der personenbezogenen Daten, die Gegenstand der Verarbeitung sind, zur Verf\u00fcgung gestellt zu bekommen.<\/p>\n<\/li>\n<li style=\"color: #000000;\">Recht auf Berichtigung\n<p style=\"color: #000000;\">Nach Art.\u00a016 DSGVO haben Sie das Recht, die Berichtung Ihrer Daten oder die entsprechende Vervollst\u00e4ndigung unvollst\u00e4ndiger Daten zu verlangen.<\/p>\n<\/li>\n<li style=\"color: #000000;\">Einschr\u00e4nkung und L\u00f6schung\n<p style=\"color: #000000;\">Nach Art.\u00a017\u00a0DSGVO steht Ihnen ein Recht auf unverz\u00fcgliche L\u00f6schung Ihrer betroffenen Daten zu, sofern einer der folgenden Gr\u00fcnde zutrifft:<\/p>\n<ol>\n<ol>\n<li>Die personenbezogenen Daten sind f\u00fcr die Zwecke, f\u00fcr die sie erhoben oder auf sonstige Weise verarbeitet wurden, nicht mehr notwendig.<\/li>\n<li>Die betroffene Person widerruft ihre Einwilligung, auf die sich die Verarbeitung gem\u00e4\u00df\u00a0Art. 6\u00a0Abs. 1 lit a\u00a0DSGVO oder\u00a0Art. 9\u00a0Abs. 2 lit. a DSGVO st\u00fctzte, und es fehlt an einer anderweitigen Rechtsgrundlage f\u00fcr die Verarbeitung.<\/li>\n<li>Die betroffene Person legt gem\u00e4\u00df\u00a0Art. 21\u00a0Abs. 1\u00a0DSGVO Widerspruch gegen die Verarbeitung ein und es liegen keine vorrangigen berechtigten Gr\u00fcnde f\u00fcr die Verarbeitung vor, oder die betroffene Person legt gem\u00e4\u00df\u00a0Art. 21\u00a0Abs. 2\u00a0DSGVO Widerspruch gegen die Verarbeitung ein.<\/li>\n<li style=\"color: #000000;\">Die personenbezogenen Daten wurden unrechtm\u00e4\u00dfig verarbeitet.<\/li>\n<li style=\"color: #000000;\">Die L\u00f6schung der personenbezogenen Daten ist zur Erf\u00fcllung einer rechtlichen Verpflichtung nach dem Unionsrecht oder dem Recht der Mitgliedstaaten erforderlich, dem der Verantwortliche unterliegt.<\/li>\n<li style=\"color: #000000;\">Die personenbezogenen Daten wurden in Bezug auf angebotene Dienste der Informationsgesellschaft gem\u00e4\u00df\u00a0Art. 8\u00a0Abs. 1\u00a0DSGVO erhoben.<\/li>\n<\/ol>\n<\/ol>\n<p style=\"color: #000000;\">Nach Art.\u00a018\u00a0DSGVO steht Ihnen das Recht zu, die Einschr\u00e4nkung der Verarbeitung zu verlangen, wenn folgende Voraussetzungen vorliegen:<\/p>\n<ol>\n<ol>\n<li>die Richtigkeit der personenbezogenen Daten von der betroffenen Person bestritten wird, und zwar f\u00fcr eine Dauer, die es dem Verantwortlichen erm\u00f6glicht, die Richtigkeit der personenbezogenen Daten zu \u00fcberpr\u00fcfen,<\/li>\n<li>die Verarbeitung unrechtm\u00e4\u00dfig ist und die betroffene Person die L\u00f6schung der personenbezogenen Daten ablehnt und stattdessen die Einschr\u00e4nkung der Nutzung der personenbezogenen Daten verlangt;<\/li>\n<li>der Verantwortliche die personenbezogenen Daten f\u00fcr die Zwecke der Verarbeitung nicht l\u00e4nger ben\u00f6tigt, die betroffene Person sie jedoch zur Geltendmachung, Aus\u00fcbung oder Verteidigung von Rechtsanspr\u00fcchen ben\u00f6tigt, oder<\/li>\n<li>die betroffene Person Widerspruch gegen die Verarbeitung gem\u00e4\u00df\u00a0Art.\u00a021\u00a0Abs.\u00a01\u00a0DSGVO eingelegt hat, solange noch nicht feststeht, ob die berechtigten Gr\u00fcnde des Verantwortlichen gegen\u00fcber denen der betroffenen Person \u00fcberwiegen.<\/li>\n<\/ol>\n<\/ol>\n<\/li>\n<li style=\"color: #000000;\">Recht auf Unterrichtung\n<p style=\"color: #000000;\">Haben Sie das Recht auf Berichtigung, L\u00f6schung oder Einschr\u00e4nkung der Verarbeitung gegen\u00fcber dem Verantwortlichen geltend gemacht, ist dieser verpflichtet, allen Empf\u00e4ngern, denen die Sie betreffenden personenbezogenen Daten offengelegt wurden, diese Berichtigung oder L\u00f6schung der Daten oder Einschr\u00e4nkung der Verarbeitung mitzuteilen, es sei denn, dies erweist sich als unm\u00f6glich oder ist mit einem unverh\u00e4ltnism\u00e4\u00dfigen Aufwand verbunden. Ihnen steht gegen\u00fcber dem Verantwortlichen das Recht zu, \u00fcber diese Empf\u00e4nger unterrichtet zu werden.<\/p>\n<\/li>\n<li style=\"color: #000000;\">Recht auf Daten\u00fcbertragbarkeit\n<p style=\"color: #000000;\">Ihnen steht das Recht zu, Ihre personenbezogenen Daten, die Sie mir bereitgestellt haben, in einem strukturierten, g\u00e4ngigen und maschinenlesbaren Format zu erhalten. Au\u00dferdem haben Sie das Recht, diese Daten einem anderen Verantwortlichen ohne Behinderung durch den Verantwortlichen, dem die personenbezogenen Daten bereitgestellt wurden, zu \u00fcbermitteln, sofern<\/p>\n<ul>\n<ol>\n<li>die Verarbeitung auf einer Einwilligung gem. Art.\u00a06 Abs.\u00a01 lit.\u00a0a DSGVO oder Art.\u00a09\u00a0Abs.\u00a02 lit.\u00a0a DSGVO oder auf einem Vertrag gem. Art.\u00a06 Abs.\u00a01 lit.\u00a0b DSGVO beruht und<\/li>\n<li>die Verarbeitung mithilfe automatisierter Verfahren erfolgt.<\/li>\n<\/ol>\n<\/ul>\n<\/li>\n<li>Widerspruchsrecht\n<p style=\"color: #000000;\">Sie haben das Recht, aus Gr\u00fcnden, die sich aus Ihrer besonderen Situation ergeben, jederzeit gegen die Verarbeitung der Sie betreffenden personenbezogenen Daten, die aufgrund von Art.\u00a06 Abs.\u00a01 lit.\u00a0e oder f DSGVO erfolgt, Widerspruch einzulegen; dies gilt auch f\u00fcr ein auf diese Bestimmungen gest\u00fctztes Profiling. Die n\u00e4heren Voraussetzungen regelt Art.\u00a021\u00a0DSGVO.<\/p>\n<\/li>\n<li style=\"color: #000000;\">Recht auf Widerruf der Einwilligungserkl\u00e4rung\n<p style=\"color: #000000;\">Sie haben das Recht, Ihre datenschutzrechtliche Einwilligungserkl\u00e4rung jederzeit zu widerrufen, Art.\u00a07\u00a0Abs.\u00a03 DSGVO. Durch den Widerruf der Einwilligung wird die Rechtm\u00e4\u00dfigkeit der aufgrund der Einwilligung bis zum Widerruf erfolgten Verarbeitung nicht ber\u00fchrt.<\/p>\n<\/li>\n<li style=\"color: #000000;\">Recht auf nicht automatisierte Entscheidung im Einzelfall\n<p style=\"color: #000000;\">Im Rahmen meiner Webseite und der von mir angebotenen Dienstleistung verzichte ich auf eine automatische Entscheidungsfindung oder ein Profiling.<\/p>\n<\/li>\n<li style=\"color: #000000;\">Recht auf Beschwerde bei Aufsichtsbeh\u00f6rde\n<p style=\"color: #000000;\">Nach Art.\u00a077\u00a0DSGVO steht Ihnen auch jederzeit das Recht zu, Beschwerde bei der zust\u00e4ndigen Aufsichtsbeh\u00f6rde einzureichen.<\/p>\n<\/li>\n<\/ol>\n<ol start=\"11\">\n<li>\u00dcbermittlung in Drittl\u00e4nderIhre Daten werden nur, wenn es der Erf\u00fcllung meiner (vor)vertraglichen Pflichten dient, wenn Sie dazu eingewilligt haben, aufgrund einer rechtlichen Verpflichtung oder auf Grundlage unserer berechtigten Interessen in Drittl\u00e4ndern verarbeitet. Drittl\u00e4nder sind hierbei alle L\u00e4nder au\u00dferhalb der EU bzw. des europ\u00e4ischen Wirtschaftsraums (EWR). Die Verarbeitung erfolgt gem. der Art. 44 ff. DSGVO nur auf Grundlage der Garantie, dass das Datenschutzniveau dem europ\u00e4ischen entspricht, so zum Beispiel f\u00fcr die USA im Rahmen des sog. &#8222;Privacy Shield&#8220; oder im Rahmen offiziell anerkannter vertraglicher Verpflichtungen, den sog. &#8222;Standardvertragsklauseln&#8220;.<\/li>\n<li>AuftragsdatenverarbeitungSofern ich mich im Rahmen der Verarbeitung Ihrer Daten eines Dritten bediene und diese \u00fcbermittle oder offenbare, geschieht dies nur auf Grundlage eines gesetzlichen Erlaubnistatbestands, wenn Sie eingewilligt haben, ich rechtlich dazu verpflichtet bin oder ich dies aufgrund eines berechtigten Interesses tue (wie z.B. bei dem Hoster dieses Servers). Dies geschieht nur auf Grundlage eines &#8222;Auftragsverarbeitungsvertrages&#8220; und in Ansehung des Art.\u00a028\u00a0DSGVO.<\/li>\n<\/ol>\n<\/ol>\n<\/div>\n<\/div>\n<\/div>\n<\/div>\n<\/div>\n","protected":false},"excerpt":{"rendered":"<p>Datenschutzerkl\u00e4rung Der Schutz Ihrer Daten ist von h\u00f6chster Priorit\u00e4t. Daher bin ich gesetzlich dazu verpflichtet, Sie im Rahmen dieser Datenschutzerkl\u00e4rung umfassend \u00fcber die beim Besuch der Webseite verarbeiteten Daten aufzukl\u00e4ren und Sie \u00fcber die Verwendung der Daten zu informieren. Der [&hellip;]<\/p>\n","protected":false},"author":1,"featured_media":0,"parent":0,"menu_order":0,"comment_status":"closed","ping_status":"closed","template":"","meta":{"footnotes":""},"_links":{"self":[{"href":"https:\/\/www.huelsenbeck-fotografie.de\/index.php\/wp-json\/wp\/v2\/pages\/5711"}],"collection":[{"href":"https:\/\/www.huelsenbeck-fotografie.de\/index.php\/wp-json\/wp\/v2\/pages"}],"about":[{"href":"https:\/\/www.huelsenbeck-fotografie.de\/index.php\/wp-json\/wp\/v2\/types\/page"}],"author":[{"embeddable":true,"href":"https:\/\/www.huelsenbeck-fotografie.de\/index.php\/wp-json\/wp\/v2\/users\/1"}],"replies":[{"embeddable":true,"href":"https:\/\/www.huelsenbeck-fotografie.de\/index.php\/wp-json\/wp\/v2\/comments?post=5711"}],"version-history":[{"count":27,"href":"https:\/\/www.huelsenbeck-fotografie.de\/index.php\/wp-json\/wp\/v2\/pages\/5711\/revisions"}],"predecessor-version":[{"id":5795,"href":"https:\/\/www.huelsenbeck-fotografie.de\/index.php\/wp-json\/wp\/v2\/pages\/5711\/revisions\/5795"}],"wp:attachment":[{"href":"https:\/\/www.huelsenbeck-fotografie.de\/index.php\/wp-json\/wp\/v2\/media?parent=5711"}],"curies":[{"name":"wp","href":"https:\/\/api.w.org\/{rel}","templated":true}]}}